{"id":7870,"date":"2024-05-15T12:57:00","date_gmt":"2024-05-15T17:57:00","guid":{"rendered":"https:\/\/fengoperu.com\/?post_type=product&#038;p=7870"},"modified":"2024-05-15T13:15:29","modified_gmt":"2024-05-15T18:15:29","slug":"sorbetes-biodegradables","status":"publish","type":"product","link":"https:\/\/fengoperu.com\/en\/product\/sorbetes-biodegradables\/","title":{"rendered":"SORBETES BIODEGRADABLES"},"content":{"rendered":"<p>Nuestros sorbetes desechables con estuche, fabricados a base de almid\u00f3n de ma\u00edz, ofrecen una soluci\u00f3n conveniente y sostenible para disfrutar de tus bebidas favoritas mientras cuidas del medio ambiente. Estos sorbetes est\u00e1n dise\u00f1ados para ser utilizados de manera c\u00f3moda y pr\u00e1ctica, y luego desecharse de forma responsable gracias a su composici\u00f3n biodegradable derivada de fuentes renovables como el almid\u00f3n de ma\u00edz.<\/p>","protected":false},"excerpt":{"rendered":"<p>Nuestros sorbetes desechables con estuche, fabricados a base de almid\u00f3n de ma\u00edz, ofrecen una soluci\u00f3n conveniente y sostenible para disfrutar de tus bebidas favoritas mientras cuidas del medio ambiente. Estos sorbetes est\u00e1n dise\u00f1ados para ser utilizados de manera c\u00f3moda y pr\u00e1ctica, y luego desecharse de forma responsable gracias a su composici\u00f3n biodegradable derivada de fuentes renovables como el almid\u00f3n de ma\u00edz.<\/p>","protected":false},"featured_media":0,"comment_status":"open","ping_status":"closed","template":"","meta":{"_acf_changed":false,"site-sidebar-layout":"default","site-content-layout":"","ast-site-content-layout":"default","site-content-style":"default","site-sidebar-style":"default","ast-global-header-display":"","ast-banner-title-visibility":"","ast-main-header-display":"","ast-hfb-above-header-display":"","ast-hfb-below-header-display":"","ast-hfb-mobile-header-display":"","site-post-title":"","ast-breadcrumbs-content":"","ast-featured-img":"","footer-sml-layout":"","ast-disable-related-posts":"","theme-transparent-header-meta":"default","adv-header-id-meta":"","stick-header-meta":"","header-above-stick-meta":"","header-main-stick-meta":"","header-below-stick-meta":"","astra-migrate-meta-layouts":"set","ast-page-background-enabled":"default","ast-page-background-meta":{"desktop":{"background-color":"var(--ast-global-color-4)","background-image":"","background-repeat":"repeat","background-position":"center center","background-size":"auto","background-attachment":"scroll","background-type":"","background-media":"","overlay-type":"","overlay-color":"","overlay-opacity":"","overlay-gradient":""},"tablet":{"background-color":"","background-image":"","background-repeat":"repeat","background-position":"center center","background-size":"auto","background-attachment":"scroll","background-type":"","background-media":"","overlay-type":"","overlay-color":"","overlay-opacity":"","overlay-gradient":""},"mobile":{"background-color":"","background-image":"","background-repeat":"repeat","background-position":"center center","background-size":"auto","background-attachment":"scroll","background-type":"","background-media":"","overlay-type":"","overlay-color":"","overlay-opacity":"","overlay-gradient":""}},"ast-content-background-meta":{"desktop":{"background-color":"var(--ast-global-color-5)","background-image":"","background-repeat":"repeat","background-position":"center center","background-size":"auto","background-attachment":"scroll","background-type":"","background-media":"","overlay-type":"","overlay-color":"","overlay-opacity":"","overlay-gradient":""},"tablet":{"background-color":"var(--ast-global-color-5)","background-image":"","background-repeat":"repeat","background-position":"center center","background-size":"auto","background-attachment":"scroll","background-type":"","background-media":"","overlay-type":"","overlay-color":"","overlay-opacity":"","overlay-gradient":""},"mobile":{"background-color":"var(--ast-global-color-5)","background-image":"","background-repeat":"repeat","background-position":"center center","background-size":"auto","background-attachment":"scroll","background-type":"","background-media":"","overlay-type":"","overlay-color":"","overlay-opacity":"","overlay-gradient":""}},"_joinchat":[]},"product_brand":[],"product_cat":[43],"product_tag":[],"class_list":{"0":"post-7870","1":"product","2":"type-product","3":"status-publish","5":"product_cat-sorbetes","6":"desktop-align-left","7":"tablet-align-left","8":"mobile-align-left","10":"first","11":"instock","12":"shipping-taxable","13":"purchasable","14":"product-type-simple"},"acf":[],"yoast_head":"<!-- This site is optimized with the Yoast SEO plugin v27.3 - https:\/\/yoast.com\/product\/yoast-seo-wordpress\/ -->\n<title>SORBETES BIODEGRADABLES - FENGO PER\u00da - Dise\u00f1o y Packaging en Lima<\/title>\n<meta name=\"robots\" content=\"index, follow, max-snippet:-1, max-image-preview:large, max-video-preview:-1\" \/>\n<link rel=\"canonical\" href=\"https:\/\/fengoperu.com\/en\/producto\/sorbetes-biodegradables\/\" \/>\n<meta property=\"og:locale\" content=\"en_US\" \/>\n<meta property=\"og:type\" content=\"article\" \/>\n<meta property=\"og:title\" content=\"SORBETES BIODEGRADABLES - FENGO PER\u00da - Dise\u00f1o y Packaging en Lima\" \/>\n<meta property=\"og:description\" content=\"Nuestros sorbetes desechables con estuche, fabricados a base de almid\u00f3n de ma\u00edz, ofrecen una soluci\u00f3n conveniente y sostenible para disfrutar de tus bebidas favoritas mientras cuidas del medio ambiente. Estos sorbetes est\u00e1n dise\u00f1ados para ser utilizados de manera c\u00f3moda y pr\u00e1ctica, y luego desecharse de forma responsable gracias a su composici\u00f3n biodegradable derivada de fuentes renovables como el almid\u00f3n de ma\u00edz.\" \/>\n<meta property=\"og:url\" content=\"https:\/\/fengoperu.com\/en\/producto\/sorbetes-biodegradables\/\" \/>\n<meta property=\"og:site_name\" content=\"FENGO PER\u00da - Dise\u00f1o y Packaging en Lima\" \/>\n<meta property=\"article:modified_time\" content=\"2024-05-15T18:15:29+00:00\" \/>\n<meta name=\"twitter:card\" content=\"summary_large_image\" \/>\n<meta name=\"twitter:label1\" content=\"Est. reading time\" \/>\n\t<meta name=\"twitter:data1\" content=\"1 minute\" \/>\n<script type=\"application\/ld+json\" class=\"yoast-schema-graph\">{\"@context\":\"https:\\\/\\\/schema.org\",\"@graph\":[{\"@type\":\"WebPage\",\"@id\":\"https:\\\/\\\/fengoperu.com\\\/producto\\\/sorbetes-biodegradables\\\/\",\"url\":\"https:\\\/\\\/fengoperu.com\\\/producto\\\/sorbetes-biodegradables\\\/\",\"name\":\"SORBETES BIODEGRADABLES - FENGO PER\u00da - Dise\u00f1o y Packaging en Lima\",\"isPartOf\":{\"@id\":\"https:\\\/\\\/fengoperu.com\\\/en\\\/#website\"},\"datePublished\":\"2024-05-15T17:57:00+00:00\",\"dateModified\":\"2024-05-15T18:15:29+00:00\",\"breadcrumb\":{\"@id\":\"https:\\\/\\\/fengoperu.com\\\/producto\\\/sorbetes-biodegradables\\\/#breadcrumb\"},\"inLanguage\":\"en-US\",\"potentialAction\":[{\"@type\":\"ReadAction\",\"target\":[\"https:\\\/\\\/fengoperu.com\\\/producto\\\/sorbetes-biodegradables\\\/\"]}]},{\"@type\":\"BreadcrumbList\",\"@id\":\"https:\\\/\\\/fengoperu.com\\\/producto\\\/sorbetes-biodegradables\\\/#breadcrumb\",\"itemListElement\":[{\"@type\":\"ListItem\",\"position\":1,\"name\":\"Portada\",\"item\":\"https:\\\/\\\/fengoperu.com\\\/\"},{\"@type\":\"ListItem\",\"position\":2,\"name\":\"Shop\",\"item\":\"https:\\\/\\\/fengoperu.com\\\/shop\\\/\"},{\"@type\":\"ListItem\",\"position\":3,\"name\":\"SORBETES BIODEGRADABLES\"}]},{\"@type\":\"WebSite\",\"@id\":\"https:\\\/\\\/fengoperu.com\\\/en\\\/#website\",\"url\":\"https:\\\/\\\/fengoperu.com\\\/en\\\/\",\"name\":\"FENGO PER\u00da - Dise\u00f1o y Packaging en Lima\",\"description\":\"Otro sitio realizado con WordPress\",\"publisher\":{\"@id\":\"https:\\\/\\\/fengoperu.com\\\/en\\\/#organization\"},\"potentialAction\":[{\"@type\":\"SearchAction\",\"target\":{\"@type\":\"EntryPoint\",\"urlTemplate\":\"https:\\\/\\\/fengoperu.com\\\/en\\\/?s={search_term_string}\"},\"query-input\":{\"@type\":\"PropertyValueSpecification\",\"valueRequired\":true,\"valueName\":\"search_term_string\"}}],\"inLanguage\":\"en-US\"},{\"@type\":\"Organization\",\"@id\":\"https:\\\/\\\/fengoperu.com\\\/en\\\/#organization\",\"name\":\"FENGO PER\u00da - Dise\u00f1o y Packaging en Lima\",\"url\":\"https:\\\/\\\/fengoperu.com\\\/en\\\/\",\"logo\":{\"@type\":\"ImageObject\",\"inLanguage\":\"en-US\",\"@id\":\"https:\\\/\\\/fengoperu.com\\\/en\\\/#\\\/schema\\\/logo\\\/image\\\/\",\"url\":\"https:\\\/\\\/fengoperu.com\\\/wp-content\\\/uploads\\\/2021\\\/10\\\/cropped-Logo-Web-Fengo-_Mesa-de-trabajo-1.png\",\"contentUrl\":\"https:\\\/\\\/fengoperu.com\\\/wp-content\\\/uploads\\\/2021\\\/10\\\/cropped-Logo-Web-Fengo-_Mesa-de-trabajo-1.png\",\"width\":1250,\"height\":417,\"caption\":\"FENGO PER\u00da - Dise\u00f1o y Packaging en Lima\"},\"image\":{\"@id\":\"https:\\\/\\\/fengoperu.com\\\/en\\\/#\\\/schema\\\/logo\\\/image\\\/\"}}]}<\/script>\n<!-- \/ Yoast SEO plugin. -->","yoast_head_json":{"title":"SORBETES BIODEGRADABLES - FENGO PER\u00da - Dise\u00f1o y Packaging en Lima","robots":{"index":"index","follow":"follow","max-snippet":"max-snippet:-1","max-image-preview":"max-image-preview:large","max-video-preview":"max-video-preview:-1"},"canonical":"https:\/\/fengoperu.com\/en\/producto\/sorbetes-biodegradables\/","og_locale":"en_US","og_type":"article","og_title":"SORBETES BIODEGRADABLES - FENGO PER\u00da - Dise\u00f1o y Packaging en Lima","og_description":"Nuestros sorbetes desechables con estuche, fabricados a base de almid\u00f3n de ma\u00edz, ofrecen una soluci\u00f3n conveniente y sostenible para disfrutar de tus bebidas favoritas mientras cuidas del medio ambiente. Estos sorbetes est\u00e1n dise\u00f1ados para ser utilizados de manera c\u00f3moda y pr\u00e1ctica, y luego desecharse de forma responsable gracias a su composici\u00f3n biodegradable derivada de fuentes renovables como el almid\u00f3n de ma\u00edz.","og_url":"https:\/\/fengoperu.com\/en\/producto\/sorbetes-biodegradables\/","og_site_name":"FENGO PER\u00da - Dise\u00f1o y Packaging en Lima","article_modified_time":"2024-05-15T18:15:29+00:00","twitter_card":"summary_large_image","twitter_misc":{"Est. reading time":"1 minute"},"schema":{"@context":"https:\/\/schema.org","@graph":[{"@type":"WebPage","@id":"https:\/\/fengoperu.com\/producto\/sorbetes-biodegradables\/","url":"https:\/\/fengoperu.com\/producto\/sorbetes-biodegradables\/","name":"SORBETES BIODEGRADABLES - FENGO PER\u00da - Dise\u00f1o y Packaging en Lima","isPartOf":{"@id":"https:\/\/fengoperu.com\/en\/#website"},"datePublished":"2024-05-15T17:57:00+00:00","dateModified":"2024-05-15T18:15:29+00:00","breadcrumb":{"@id":"https:\/\/fengoperu.com\/producto\/sorbetes-biodegradables\/#breadcrumb"},"inLanguage":"en-US","potentialAction":[{"@type":"ReadAction","target":["https:\/\/fengoperu.com\/producto\/sorbetes-biodegradables\/"]}]},{"@type":"BreadcrumbList","@id":"https:\/\/fengoperu.com\/producto\/sorbetes-biodegradables\/#breadcrumb","itemListElement":[{"@type":"ListItem","position":1,"name":"Portada","item":"https:\/\/fengoperu.com\/"},{"@type":"ListItem","position":2,"name":"Shop","item":"https:\/\/fengoperu.com\/shop\/"},{"@type":"ListItem","position":3,"name":"SORBETES BIODEGRADABLES"}]},{"@type":"WebSite","@id":"https:\/\/fengoperu.com\/en\/#website","url":"https:\/\/fengoperu.com\/en\/","name":"FENGO PER\u00da - Dise\u00f1o y Packaging en Lima","description":"Otro sitio realizado con WordPress","publisher":{"@id":"https:\/\/fengoperu.com\/en\/#organization"},"potentialAction":[{"@type":"SearchAction","target":{"@type":"EntryPoint","urlTemplate":"https:\/\/fengoperu.com\/en\/?s={search_term_string}"},"query-input":{"@type":"PropertyValueSpecification","valueRequired":true,"valueName":"search_term_string"}}],"inLanguage":"en-US"},{"@type":"Organization","@id":"https:\/\/fengoperu.com\/en\/#organization","name":"FENGO PER\u00da - Dise\u00f1o y Packaging en Lima","url":"https:\/\/fengoperu.com\/en\/","logo":{"@type":"ImageObject","inLanguage":"en-US","@id":"https:\/\/fengoperu.com\/en\/#\/schema\/logo\/image\/","url":"https:\/\/fengoperu.com\/wp-content\/uploads\/2021\/10\/cropped-Logo-Web-Fengo-_Mesa-de-trabajo-1.png","contentUrl":"https:\/\/fengoperu.com\/wp-content\/uploads\/2021\/10\/cropped-Logo-Web-Fengo-_Mesa-de-trabajo-1.png","width":1250,"height":417,"caption":"FENGO PER\u00da - Dise\u00f1o y Packaging en Lima"},"image":{"@id":"https:\/\/fengoperu.com\/en\/#\/schema\/logo\/image\/"}}]}},"_links":{"self":[{"href":"https:\/\/fengoperu.com\/en\/wp-json\/wp\/v2\/product\/7870","targetHints":{"allow":["GET"]}}],"collection":[{"href":"https:\/\/fengoperu.com\/en\/wp-json\/wp\/v2\/product"}],"about":[{"href":"https:\/\/fengoperu.com\/en\/wp-json\/wp\/v2\/types\/product"}],"replies":[{"embeddable":true,"href":"https:\/\/fengoperu.com\/en\/wp-json\/wp\/v2\/comments?post=7870"}],"wp:attachment":[{"href":"https:\/\/fengoperu.com\/en\/wp-json\/wp\/v2\/media?parent=7870"}],"wp:term":[{"taxonomy":"product_brand","embeddable":true,"href":"https:\/\/fengoperu.com\/en\/wp-json\/wp\/v2\/product_brand?post=7870"},{"taxonomy":"product_cat","embeddable":true,"href":"https:\/\/fengoperu.com\/en\/wp-json\/wp\/v2\/product_cat?post=7870"},{"taxonomy":"product_tag","embeddable":true,"href":"https:\/\/fengoperu.com\/en\/wp-json\/wp\/v2\/product_tag?post=7870"}],"curies":[{"name":"wp","href":"https:\/\/api.w.org\/{rel}","templated":true}]}}