{"id":7842,"date":"2024-05-13T11:35:58","date_gmt":"2024-05-13T16:35:58","guid":{"rendered":"https:\/\/fengoperu.com\/?post_type=product&#038;p=7842"},"modified":"2024-11-10T08:10:38","modified_gmt":"2024-11-10T13:10:38","slug":"caja-para-pizzas","status":"publish","type":"product","link":"https:\/\/fengoperu.com\/en\/product\/caja-para-pizzas\/","title":{"rendered":"CAJA PARA PIZZAS"},"content":{"rendered":"<p>En nuestra tienda encontrar\u00e1s una amplia variedad de cajas de pizza dise\u00f1adas para satisfacer todas tus necesidades. Desde cajas est\u00e1ndar para pizza de tama\u00f1o familiar hasta opciones personalizadas para resaltar la imagen de tu negocio, nuestras cajas est\u00e1n fabricadas con materiales de alta calidad que garantizan la frescura y el sabor de tus pizzas.<\/p>","protected":false},"excerpt":{"rendered":"<p>\u00a1Haz que tus pizzas lleguen a tus clientes en envases que reflejen la calidad y el compromiso de tu negocio!<\/p>","protected":false},"featured_media":5888,"comment_status":"open","ping_status":"closed","template":"","meta":{"_acf_changed":false,"site-sidebar-layout":"default","site-content-layout":"","ast-site-content-layout":"default","site-content-style":"default","site-sidebar-style":"default","ast-global-header-display":"","ast-banner-title-visibility":"","ast-main-header-display":"","ast-hfb-above-header-display":"","ast-hfb-below-header-display":"","ast-hfb-mobile-header-display":"","site-post-title":"","ast-breadcrumbs-content":"","ast-featured-img":"","footer-sml-layout":"","ast-disable-related-posts":"","theme-transparent-header-meta":"default","adv-header-id-meta":"","stick-header-meta":"","header-above-stick-meta":"","header-main-stick-meta":"","header-below-stick-meta":"","astra-migrate-meta-layouts":"set","ast-page-background-enabled":"default","ast-page-background-meta":{"desktop":{"background-color":"var(--ast-global-color-4)","background-image":"","background-repeat":"repeat","background-position":"center center","background-size":"auto","background-attachment":"scroll","background-type":"","background-media":"","overlay-type":"","overlay-color":"","overlay-opacity":"","overlay-gradient":""},"tablet":{"background-color":"","background-image":"","background-repeat":"repeat","background-position":"center center","background-size":"auto","background-attachment":"scroll","background-type":"","background-media":"","overlay-type":"","overlay-color":"","overlay-opacity":"","overlay-gradient":""},"mobile":{"background-color":"","background-image":"","background-repeat":"repeat","background-position":"center center","background-size":"auto","background-attachment":"scroll","background-type":"","background-media":"","overlay-type":"","overlay-color":"","overlay-opacity":"","overlay-gradient":""}},"ast-content-background-meta":{"desktop":{"background-color":"var(--ast-global-color-5)","background-image":"","background-repeat":"repeat","background-position":"center center","background-size":"auto","background-attachment":"scroll","background-type":"","background-media":"","overlay-type":"","overlay-color":"","overlay-opacity":"","overlay-gradient":""},"tablet":{"background-color":"var(--ast-global-color-5)","background-image":"","background-repeat":"repeat","background-position":"center center","background-size":"auto","background-attachment":"scroll","background-type":"","background-media":"","overlay-type":"","overlay-color":"","overlay-opacity":"","overlay-gradient":""},"mobile":{"background-color":"var(--ast-global-color-5)","background-image":"","background-repeat":"repeat","background-position":"center center","background-size":"auto","background-attachment":"scroll","background-type":"","background-media":"","overlay-type":"","overlay-color":"","overlay-opacity":"","overlay-gradient":""}},"_joinchat":[]},"product_brand":[],"product_cat":[33,30],"product_tag":[],"class_list":{"0":"post-7842","1":"product","2":"type-product","3":"status-publish","4":"has-post-thumbnail","6":"product_cat-cajas-y-bandejas","7":"product_cat-packaging","8":"desktop-align-left","9":"tablet-align-left","10":"mobile-align-left","12":"first","13":"instock","14":"shipping-taxable","15":"purchasable","16":"product-type-simple"},"acf":[],"yoast_head":"<!-- This site is optimized with the Yoast SEO plugin v27.5 - https:\/\/yoast.com\/product\/yoast-seo-wordpress\/ -->\n<title>CAJA PARA PIZZAS - FENGO PER\u00da - Dise\u00f1o y Packaging en Lima<\/title>\n<meta name=\"robots\" content=\"index, follow, max-snippet:-1, max-image-preview:large, max-video-preview:-1\" \/>\n<link rel=\"canonical\" href=\"https:\/\/fengoperu.com\/en\/product\/caja-para-pizzas\/\" \/>\n<meta property=\"og:locale\" content=\"en_US\" \/>\n<meta property=\"og:type\" content=\"article\" \/>\n<meta property=\"og:title\" content=\"CAJA PARA PIZZAS - FENGO PER\u00da - Dise\u00f1o y Packaging en Lima\" \/>\n<meta property=\"og:description\" content=\"\u00a1Haz que tus pizzas lleguen a tus clientes en envases que reflejen la calidad y el compromiso de tu negocio!\" \/>\n<meta property=\"og:url\" content=\"https:\/\/fengoperu.com\/en\/product\/caja-para-pizzas\/\" \/>\n<meta property=\"og:site_name\" content=\"FENGO PER\u00da - Dise\u00f1o y Packaging en Lima\" \/>\n<meta property=\"article:modified_time\" content=\"2024-11-10T13:10:38+00:00\" \/>\n<meta property=\"og:image\" content=\"https:\/\/fengoperu.com\/wp-content\/uploads\/2023\/05\/Cajas-kraft-para-pizzas.webp\" \/>\n\t<meta property=\"og:image:width\" content=\"1080\" \/>\n\t<meta property=\"og:image:height\" content=\"1350\" \/>\n\t<meta property=\"og:image:type\" content=\"image\/webp\" \/>\n<meta name=\"twitter:card\" content=\"summary_large_image\" \/>\n<meta name=\"twitter:label1\" content=\"Est. reading time\" \/>\n\t<meta name=\"twitter:data1\" content=\"1 minute\" \/>\n<script type=\"application\/ld+json\" class=\"yoast-schema-graph\">{\"@context\":\"https:\\\/\\\/schema.org\",\"@graph\":[{\"@type\":\"WebPage\",\"@id\":\"https:\\\/\\\/fengoperu.com\\\/producto\\\/caja-para-pizzas\\\/\",\"url\":\"https:\\\/\\\/fengoperu.com\\\/producto\\\/caja-para-pizzas\\\/\",\"name\":\"CAJA PARA PIZZAS - FENGO PER\u00da - Dise\u00f1o y Packaging en Lima\",\"isPartOf\":{\"@id\":\"https:\\\/\\\/fengoperu.com\\\/en\\\/#website\"},\"primaryImageOfPage\":{\"@id\":\"https:\\\/\\\/fengoperu.com\\\/producto\\\/caja-para-pizzas\\\/#primaryimage\"},\"image\":{\"@id\":\"https:\\\/\\\/fengoperu.com\\\/producto\\\/caja-para-pizzas\\\/#primaryimage\"},\"thumbnailUrl\":\"https:\\\/\\\/fengoperu.com\\\/wp-content\\\/uploads\\\/2023\\\/05\\\/Cajas-kraft-para-pizzas.webp\",\"datePublished\":\"2024-05-13T16:35:58+00:00\",\"dateModified\":\"2024-11-10T13:10:38+00:00\",\"breadcrumb\":{\"@id\":\"https:\\\/\\\/fengoperu.com\\\/producto\\\/caja-para-pizzas\\\/#breadcrumb\"},\"inLanguage\":\"en-US\",\"potentialAction\":[{\"@type\":\"ReadAction\",\"target\":[\"https:\\\/\\\/fengoperu.com\\\/producto\\\/caja-para-pizzas\\\/\"]}]},{\"@type\":\"ImageObject\",\"inLanguage\":\"en-US\",\"@id\":\"https:\\\/\\\/fengoperu.com\\\/producto\\\/caja-para-pizzas\\\/#primaryimage\",\"url\":\"https:\\\/\\\/fengoperu.com\\\/wp-content\\\/uploads\\\/2023\\\/05\\\/Cajas-kraft-para-pizzas.webp\",\"contentUrl\":\"https:\\\/\\\/fengoperu.com\\\/wp-content\\\/uploads\\\/2023\\\/05\\\/Cajas-kraft-para-pizzas.webp\",\"width\":1080,\"height\":1350},{\"@type\":\"BreadcrumbList\",\"@id\":\"https:\\\/\\\/fengoperu.com\\\/producto\\\/caja-para-pizzas\\\/#breadcrumb\",\"itemListElement\":[{\"@type\":\"ListItem\",\"position\":1,\"name\":\"Portada\",\"item\":\"https:\\\/\\\/fengoperu.com\\\/\"},{\"@type\":\"ListItem\",\"position\":2,\"name\":\"Shop\",\"item\":\"https:\\\/\\\/fengoperu.com\\\/shop\\\/\"},{\"@type\":\"ListItem\",\"position\":3,\"name\":\"CAJA PARA PIZZAS\"}]},{\"@type\":\"WebSite\",\"@id\":\"https:\\\/\\\/fengoperu.com\\\/en\\\/#website\",\"url\":\"https:\\\/\\\/fengoperu.com\\\/en\\\/\",\"name\":\"FENGO PER\u00da - Dise\u00f1o y Packaging en Lima\",\"description\":\"Otro sitio realizado con WordPress\",\"publisher\":{\"@id\":\"https:\\\/\\\/fengoperu.com\\\/en\\\/#organization\"},\"potentialAction\":[{\"@type\":\"SearchAction\",\"target\":{\"@type\":\"EntryPoint\",\"urlTemplate\":\"https:\\\/\\\/fengoperu.com\\\/en\\\/?s={search_term_string}\"},\"query-input\":{\"@type\":\"PropertyValueSpecification\",\"valueRequired\":true,\"valueName\":\"search_term_string\"}}],\"inLanguage\":\"en-US\"},{\"@type\":\"Organization\",\"@id\":\"https:\\\/\\\/fengoperu.com\\\/en\\\/#organization\",\"name\":\"FENGO PER\u00da - Dise\u00f1o y Packaging en Lima\",\"url\":\"https:\\\/\\\/fengoperu.com\\\/en\\\/\",\"logo\":{\"@type\":\"ImageObject\",\"inLanguage\":\"en-US\",\"@id\":\"https:\\\/\\\/fengoperu.com\\\/en\\\/#\\\/schema\\\/logo\\\/image\\\/\",\"url\":\"https:\\\/\\\/fengoperu.com\\\/wp-content\\\/uploads\\\/2021\\\/10\\\/cropped-Logo-Web-Fengo-_Mesa-de-trabajo-1.png\",\"contentUrl\":\"https:\\\/\\\/fengoperu.com\\\/wp-content\\\/uploads\\\/2021\\\/10\\\/cropped-Logo-Web-Fengo-_Mesa-de-trabajo-1.png\",\"width\":1250,\"height\":417,\"caption\":\"FENGO PER\u00da - Dise\u00f1o y Packaging en Lima\"},\"image\":{\"@id\":\"https:\\\/\\\/fengoperu.com\\\/en\\\/#\\\/schema\\\/logo\\\/image\\\/\"}}]}<\/script>\n<!-- \/ Yoast SEO plugin. -->","yoast_head_json":{"title":"CAJA PARA PIZZAS - FENGO PER\u00da - Dise\u00f1o y Packaging en Lima","robots":{"index":"index","follow":"follow","max-snippet":"max-snippet:-1","max-image-preview":"max-image-preview:large","max-video-preview":"max-video-preview:-1"},"canonical":"https:\/\/fengoperu.com\/en\/product\/caja-para-pizzas\/","og_locale":"en_US","og_type":"article","og_title":"CAJA PARA PIZZAS - FENGO PER\u00da - Dise\u00f1o y Packaging en Lima","og_description":"\u00a1Haz que tus pizzas lleguen a tus clientes en envases que reflejen la calidad y el compromiso de tu negocio!","og_url":"https:\/\/fengoperu.com\/en\/product\/caja-para-pizzas\/","og_site_name":"FENGO PER\u00da - Dise\u00f1o y Packaging en Lima","article_modified_time":"2024-11-10T13:10:38+00:00","og_image":[{"width":1080,"height":1350,"url":"https:\/\/fengoperu.com\/wp-content\/uploads\/2023\/05\/Cajas-kraft-para-pizzas.webp","type":"image\/webp"}],"twitter_card":"summary_large_image","twitter_misc":{"Est. reading time":"1 minute"},"schema":{"@context":"https:\/\/schema.org","@graph":[{"@type":"WebPage","@id":"https:\/\/fengoperu.com\/producto\/caja-para-pizzas\/","url":"https:\/\/fengoperu.com\/producto\/caja-para-pizzas\/","name":"CAJA PARA PIZZAS - FENGO PER\u00da - Dise\u00f1o y Packaging en Lima","isPartOf":{"@id":"https:\/\/fengoperu.com\/en\/#website"},"primaryImageOfPage":{"@id":"https:\/\/fengoperu.com\/producto\/caja-para-pizzas\/#primaryimage"},"image":{"@id":"https:\/\/fengoperu.com\/producto\/caja-para-pizzas\/#primaryimage"},"thumbnailUrl":"https:\/\/fengoperu.com\/wp-content\/uploads\/2023\/05\/Cajas-kraft-para-pizzas.webp","datePublished":"2024-05-13T16:35:58+00:00","dateModified":"2024-11-10T13:10:38+00:00","breadcrumb":{"@id":"https:\/\/fengoperu.com\/producto\/caja-para-pizzas\/#breadcrumb"},"inLanguage":"en-US","potentialAction":[{"@type":"ReadAction","target":["https:\/\/fengoperu.com\/producto\/caja-para-pizzas\/"]}]},{"@type":"ImageObject","inLanguage":"en-US","@id":"https:\/\/fengoperu.com\/producto\/caja-para-pizzas\/#primaryimage","url":"https:\/\/fengoperu.com\/wp-content\/uploads\/2023\/05\/Cajas-kraft-para-pizzas.webp","contentUrl":"https:\/\/fengoperu.com\/wp-content\/uploads\/2023\/05\/Cajas-kraft-para-pizzas.webp","width":1080,"height":1350},{"@type":"BreadcrumbList","@id":"https:\/\/fengoperu.com\/producto\/caja-para-pizzas\/#breadcrumb","itemListElement":[{"@type":"ListItem","position":1,"name":"Portada","item":"https:\/\/fengoperu.com\/"},{"@type":"ListItem","position":2,"name":"Shop","item":"https:\/\/fengoperu.com\/shop\/"},{"@type":"ListItem","position":3,"name":"CAJA PARA PIZZAS"}]},{"@type":"WebSite","@id":"https:\/\/fengoperu.com\/en\/#website","url":"https:\/\/fengoperu.com\/en\/","name":"FENGO PER\u00da - Dise\u00f1o y Packaging en Lima","description":"Otro sitio realizado con WordPress","publisher":{"@id":"https:\/\/fengoperu.com\/en\/#organization"},"potentialAction":[{"@type":"SearchAction","target":{"@type":"EntryPoint","urlTemplate":"https:\/\/fengoperu.com\/en\/?s={search_term_string}"},"query-input":{"@type":"PropertyValueSpecification","valueRequired":true,"valueName":"search_term_string"}}],"inLanguage":"en-US"},{"@type":"Organization","@id":"https:\/\/fengoperu.com\/en\/#organization","name":"FENGO PER\u00da - Dise\u00f1o y Packaging en Lima","url":"https:\/\/fengoperu.com\/en\/","logo":{"@type":"ImageObject","inLanguage":"en-US","@id":"https:\/\/fengoperu.com\/en\/#\/schema\/logo\/image\/","url":"https:\/\/fengoperu.com\/wp-content\/uploads\/2021\/10\/cropped-Logo-Web-Fengo-_Mesa-de-trabajo-1.png","contentUrl":"https:\/\/fengoperu.com\/wp-content\/uploads\/2021\/10\/cropped-Logo-Web-Fengo-_Mesa-de-trabajo-1.png","width":1250,"height":417,"caption":"FENGO PER\u00da - Dise\u00f1o y Packaging en Lima"},"image":{"@id":"https:\/\/fengoperu.com\/en\/#\/schema\/logo\/image\/"}}]}},"_links":{"self":[{"href":"https:\/\/fengoperu.com\/en\/wp-json\/wp\/v2\/product\/7842","targetHints":{"allow":["GET"]}}],"collection":[{"href":"https:\/\/fengoperu.com\/en\/wp-json\/wp\/v2\/product"}],"about":[{"href":"https:\/\/fengoperu.com\/en\/wp-json\/wp\/v2\/types\/product"}],"replies":[{"embeddable":true,"href":"https:\/\/fengoperu.com\/en\/wp-json\/wp\/v2\/comments?post=7842"}],"wp:featuredmedia":[{"embeddable":true,"href":"https:\/\/fengoperu.com\/en\/wp-json\/wp\/v2\/media\/5888"}],"wp:attachment":[{"href":"https:\/\/fengoperu.com\/en\/wp-json\/wp\/v2\/media?parent=7842"}],"wp:term":[{"taxonomy":"product_brand","embeddable":true,"href":"https:\/\/fengoperu.com\/en\/wp-json\/wp\/v2\/product_brand?post=7842"},{"taxonomy":"product_cat","embeddable":true,"href":"https:\/\/fengoperu.com\/en\/wp-json\/wp\/v2\/product_cat?post=7842"},{"taxonomy":"product_tag","embeddable":true,"href":"https:\/\/fengoperu.com\/en\/wp-json\/wp\/v2\/product_tag?post=7842"}],"curies":[{"name":"wp","href":"https:\/\/api.w.org\/{rel}","templated":true}]}}