{"id":7809,"date":"2024-05-10T09:59:22","date_gmt":"2024-05-10T14:59:22","guid":{"rendered":"https:\/\/fengoperu.com\/?post_type=product&#038;p=7809"},"modified":"2024-05-13T13:37:52","modified_gmt":"2024-05-13T18:37:52","slug":"bolsa-couche-asa-driza","status":"publish","type":"product","link":"https:\/\/fengoperu.com\/en\/product\/bolsa-couche-asa-driza\/","title":{"rendered":"BOLSA COUCHE ASA DRIZA"},"content":{"rendered":"<p>Nuestras bolsas couche con asa driza son la combinaci\u00f3n perfecta de estilo y funcionalidad para tu negocio. Fabricadas con material couche de alta calidad y un sistema de asa driza que las hace c\u00f3modas de llevar, estas bolsas son ideales para tiendas de moda, regalos, accesorios y m\u00e1s. Su dise\u00f1o moderno y vers\u00e1til las convierte en una opci\u00f3n popular para empresas que buscan destacar su imagen de marca con un toque de elegancia. La resistencia y durabilidad del material couche garantizan que tus productos se mantengan seguros durante el transporte, mientras que el sistema de asa driza proporciona comodidad para tus clientes al llevar sus compras. Disponibles en diferentes tama\u00f1os y acabados, nuestras bolsas couche con asa driza son una opci\u00f3n estilizada y pr\u00e1ctica para ofrecer una experiencia de compra memorable.<\/p>","protected":false},"excerpt":{"rendered":"<p>Nuestras bolsas couche con asa driza son la combinaci\u00f3n perfecta de estilo y funcionalidad para tu negocio. Fabricadas con material couche de alta calidad y un sistema de asa driza que las hace c\u00f3modas de llevar, estas bolsas son ideales para tiendas de moda, regalos, accesorios y m\u00e1s.<\/p>","protected":false},"featured_media":5960,"comment_status":"open","ping_status":"closed","template":"","meta":{"_acf_changed":false,"site-sidebar-layout":"default","site-content-layout":"","ast-site-content-layout":"default","site-content-style":"default","site-sidebar-style":"default","ast-global-header-display":"","ast-banner-title-visibility":"","ast-main-header-display":"","ast-hfb-above-header-display":"","ast-hfb-below-header-display":"","ast-hfb-mobile-header-display":"","site-post-title":"","ast-breadcrumbs-content":"","ast-featured-img":"","footer-sml-layout":"","ast-disable-related-posts":"","theme-transparent-header-meta":"default","adv-header-id-meta":"","stick-header-meta":"","header-above-stick-meta":"","header-main-stick-meta":"","header-below-stick-meta":"","astra-migrate-meta-layouts":"set","ast-page-background-enabled":"default","ast-page-background-meta":{"desktop":{"background-color":"var(--ast-global-color-4)","background-image":"","background-repeat":"repeat","background-position":"center center","background-size":"auto","background-attachment":"scroll","background-type":"","background-media":"","overlay-type":"","overlay-color":"","overlay-opacity":"","overlay-gradient":""},"tablet":{"background-color":"","background-image":"","background-repeat":"repeat","background-position":"center center","background-size":"auto","background-attachment":"scroll","background-type":"","background-media":"","overlay-type":"","overlay-color":"","overlay-opacity":"","overlay-gradient":""},"mobile":{"background-color":"","background-image":"","background-repeat":"repeat","background-position":"center center","background-size":"auto","background-attachment":"scroll","background-type":"","background-media":"","overlay-type":"","overlay-color":"","overlay-opacity":"","overlay-gradient":""}},"ast-content-background-meta":{"desktop":{"background-color":"var(--ast-global-color-5)","background-image":"","background-repeat":"repeat","background-position":"center center","background-size":"auto","background-attachment":"scroll","background-type":"","background-media":"","overlay-type":"","overlay-color":"","overlay-opacity":"","overlay-gradient":""},"tablet":{"background-color":"var(--ast-global-color-5)","background-image":"","background-repeat":"repeat","background-position":"center center","background-size":"auto","background-attachment":"scroll","background-type":"","background-media":"","overlay-type":"","overlay-color":"","overlay-opacity":"","overlay-gradient":""},"mobile":{"background-color":"var(--ast-global-color-5)","background-image":"","background-repeat":"repeat","background-position":"center center","background-size":"auto","background-attachment":"scroll","background-type":"","background-media":"","overlay-type":"","overlay-color":"","overlay-opacity":"","overlay-gradient":""}},"_joinchat":[]},"product_brand":[],"product_cat":[32,30],"product_tag":[],"class_list":{"0":"post-7809","1":"product","2":"type-product","3":"status-publish","4":"has-post-thumbnail","6":"product_cat-bolsas","7":"product_cat-packaging","8":"desktop-align-left","9":"tablet-align-left","10":"mobile-align-left","12":"first","13":"instock","14":"shipping-taxable","15":"purchasable","16":"product-type-simple"},"acf":[],"yoast_head":"<!-- This site is optimized with the Yoast SEO plugin v27.5 - https:\/\/yoast.com\/product\/yoast-seo-wordpress\/ -->\n<title>BOLSA COUCHE ASA DRIZA - FENGO PER\u00da - Dise\u00f1o y Packaging en Lima<\/title>\n<meta name=\"robots\" content=\"index, follow, max-snippet:-1, max-image-preview:large, max-video-preview:-1\" \/>\n<link rel=\"canonical\" href=\"https:\/\/fengoperu.com\/en\/product\/bolsa-couche-asa-driza\/\" \/>\n<meta property=\"og:locale\" content=\"en_US\" \/>\n<meta property=\"og:type\" content=\"article\" \/>\n<meta property=\"og:title\" content=\"BOLSA COUCHE ASA DRIZA - FENGO PER\u00da - Dise\u00f1o y Packaging en Lima\" \/>\n<meta property=\"og:description\" content=\"Nuestras bolsas couche con asa driza son la combinaci\u00f3n perfecta de estilo y funcionalidad para tu negocio. Fabricadas con material couche de alta calidad y un sistema de asa driza que las hace c\u00f3modas de llevar, estas bolsas son ideales para tiendas de moda, regalos, accesorios y m\u00e1s.\" \/>\n<meta property=\"og:url\" content=\"https:\/\/fengoperu.com\/en\/product\/bolsa-couche-asa-driza\/\" \/>\n<meta property=\"og:site_name\" content=\"FENGO PER\u00da - Dise\u00f1o y Packaging en Lima\" \/>\n<meta property=\"article:modified_time\" content=\"2024-05-13T18:37:52+00:00\" \/>\n<meta property=\"og:image\" content=\"https:\/\/fengoperu.com\/wp-content\/uploads\/2023\/05\/Bolsa-Couche-Asa-Driza.webp\" \/>\n\t<meta property=\"og:image:width\" content=\"1080\" \/>\n\t<meta property=\"og:image:height\" content=\"1350\" \/>\n\t<meta property=\"og:image:type\" content=\"image\/webp\" \/>\n<meta name=\"twitter:card\" content=\"summary_large_image\" \/>\n<meta name=\"twitter:label1\" content=\"Est. reading time\" \/>\n\t<meta name=\"twitter:data1\" content=\"1 minute\" \/>\n<script type=\"application\/ld+json\" class=\"yoast-schema-graph\">{\"@context\":\"https:\\\/\\\/schema.org\",\"@graph\":[{\"@type\":\"WebPage\",\"@id\":\"https:\\\/\\\/fengoperu.com\\\/producto\\\/bolsa-couche-asa-driza\\\/\",\"url\":\"https:\\\/\\\/fengoperu.com\\\/producto\\\/bolsa-couche-asa-driza\\\/\",\"name\":\"BOLSA COUCHE ASA DRIZA - FENGO PER\u00da - Dise\u00f1o y Packaging en Lima\",\"isPartOf\":{\"@id\":\"https:\\\/\\\/fengoperu.com\\\/en\\\/#website\"},\"primaryImageOfPage\":{\"@id\":\"https:\\\/\\\/fengoperu.com\\\/producto\\\/bolsa-couche-asa-driza\\\/#primaryimage\"},\"image\":{\"@id\":\"https:\\\/\\\/fengoperu.com\\\/producto\\\/bolsa-couche-asa-driza\\\/#primaryimage\"},\"thumbnailUrl\":\"https:\\\/\\\/fengoperu.com\\\/wp-content\\\/uploads\\\/2023\\\/05\\\/Bolsa-Couche-Asa-Driza.webp\",\"datePublished\":\"2024-05-10T14:59:22+00:00\",\"dateModified\":\"2024-05-13T18:37:52+00:00\",\"breadcrumb\":{\"@id\":\"https:\\\/\\\/fengoperu.com\\\/producto\\\/bolsa-couche-asa-driza\\\/#breadcrumb\"},\"inLanguage\":\"en-US\",\"potentialAction\":[{\"@type\":\"ReadAction\",\"target\":[\"https:\\\/\\\/fengoperu.com\\\/producto\\\/bolsa-couche-asa-driza\\\/\"]}]},{\"@type\":\"ImageObject\",\"inLanguage\":\"en-US\",\"@id\":\"https:\\\/\\\/fengoperu.com\\\/producto\\\/bolsa-couche-asa-driza\\\/#primaryimage\",\"url\":\"https:\\\/\\\/fengoperu.com\\\/wp-content\\\/uploads\\\/2023\\\/05\\\/Bolsa-Couche-Asa-Driza.webp\",\"contentUrl\":\"https:\\\/\\\/fengoperu.com\\\/wp-content\\\/uploads\\\/2023\\\/05\\\/Bolsa-Couche-Asa-Driza.webp\",\"width\":1080,\"height\":1350},{\"@type\":\"BreadcrumbList\",\"@id\":\"https:\\\/\\\/fengoperu.com\\\/producto\\\/bolsa-couche-asa-driza\\\/#breadcrumb\",\"itemListElement\":[{\"@type\":\"ListItem\",\"position\":1,\"name\":\"Portada\",\"item\":\"https:\\\/\\\/fengoperu.com\\\/\"},{\"@type\":\"ListItem\",\"position\":2,\"name\":\"Shop\",\"item\":\"https:\\\/\\\/fengoperu.com\\\/shop\\\/\"},{\"@type\":\"ListItem\",\"position\":3,\"name\":\"BOLSA COUCHE ASA DRIZA\"}]},{\"@type\":\"WebSite\",\"@id\":\"https:\\\/\\\/fengoperu.com\\\/en\\\/#website\",\"url\":\"https:\\\/\\\/fengoperu.com\\\/en\\\/\",\"name\":\"FENGO PER\u00da - Dise\u00f1o y Packaging en Lima\",\"description\":\"Otro sitio realizado con WordPress\",\"publisher\":{\"@id\":\"https:\\\/\\\/fengoperu.com\\\/en\\\/#organization\"},\"potentialAction\":[{\"@type\":\"SearchAction\",\"target\":{\"@type\":\"EntryPoint\",\"urlTemplate\":\"https:\\\/\\\/fengoperu.com\\\/en\\\/?s={search_term_string}\"},\"query-input\":{\"@type\":\"PropertyValueSpecification\",\"valueRequired\":true,\"valueName\":\"search_term_string\"}}],\"inLanguage\":\"en-US\"},{\"@type\":\"Organization\",\"@id\":\"https:\\\/\\\/fengoperu.com\\\/en\\\/#organization\",\"name\":\"FENGO PER\u00da - Dise\u00f1o y Packaging en Lima\",\"url\":\"https:\\\/\\\/fengoperu.com\\\/en\\\/\",\"logo\":{\"@type\":\"ImageObject\",\"inLanguage\":\"en-US\",\"@id\":\"https:\\\/\\\/fengoperu.com\\\/en\\\/#\\\/schema\\\/logo\\\/image\\\/\",\"url\":\"https:\\\/\\\/fengoperu.com\\\/wp-content\\\/uploads\\\/2021\\\/10\\\/cropped-Logo-Web-Fengo-_Mesa-de-trabajo-1.png\",\"contentUrl\":\"https:\\\/\\\/fengoperu.com\\\/wp-content\\\/uploads\\\/2021\\\/10\\\/cropped-Logo-Web-Fengo-_Mesa-de-trabajo-1.png\",\"width\":1250,\"height\":417,\"caption\":\"FENGO PER\u00da - Dise\u00f1o y Packaging en Lima\"},\"image\":{\"@id\":\"https:\\\/\\\/fengoperu.com\\\/en\\\/#\\\/schema\\\/logo\\\/image\\\/\"}}]}<\/script>\n<!-- \/ Yoast SEO plugin. -->","yoast_head_json":{"title":"BOLSA COUCHE ASA DRIZA - FENGO PER\u00da - Dise\u00f1o y Packaging en Lima","robots":{"index":"index","follow":"follow","max-snippet":"max-snippet:-1","max-image-preview":"max-image-preview:large","max-video-preview":"max-video-preview:-1"},"canonical":"https:\/\/fengoperu.com\/en\/product\/bolsa-couche-asa-driza\/","og_locale":"en_US","og_type":"article","og_title":"BOLSA COUCHE ASA DRIZA - FENGO PER\u00da - Dise\u00f1o y Packaging en Lima","og_description":"Nuestras bolsas couche con asa driza son la combinaci\u00f3n perfecta de estilo y funcionalidad para tu negocio. Fabricadas con material couche de alta calidad y un sistema de asa driza que las hace c\u00f3modas de llevar, estas bolsas son ideales para tiendas de moda, regalos, accesorios y m\u00e1s.","og_url":"https:\/\/fengoperu.com\/en\/product\/bolsa-couche-asa-driza\/","og_site_name":"FENGO PER\u00da - Dise\u00f1o y Packaging en Lima","article_modified_time":"2024-05-13T18:37:52+00:00","og_image":[{"width":1080,"height":1350,"url":"https:\/\/fengoperu.com\/wp-content\/uploads\/2023\/05\/Bolsa-Couche-Asa-Driza.webp","type":"image\/webp"}],"twitter_card":"summary_large_image","twitter_misc":{"Est. reading time":"1 minute"},"schema":{"@context":"https:\/\/schema.org","@graph":[{"@type":"WebPage","@id":"https:\/\/fengoperu.com\/producto\/bolsa-couche-asa-driza\/","url":"https:\/\/fengoperu.com\/producto\/bolsa-couche-asa-driza\/","name":"BOLSA COUCHE ASA DRIZA - FENGO PER\u00da - Dise\u00f1o y Packaging en Lima","isPartOf":{"@id":"https:\/\/fengoperu.com\/en\/#website"},"primaryImageOfPage":{"@id":"https:\/\/fengoperu.com\/producto\/bolsa-couche-asa-driza\/#primaryimage"},"image":{"@id":"https:\/\/fengoperu.com\/producto\/bolsa-couche-asa-driza\/#primaryimage"},"thumbnailUrl":"https:\/\/fengoperu.com\/wp-content\/uploads\/2023\/05\/Bolsa-Couche-Asa-Driza.webp","datePublished":"2024-05-10T14:59:22+00:00","dateModified":"2024-05-13T18:37:52+00:00","breadcrumb":{"@id":"https:\/\/fengoperu.com\/producto\/bolsa-couche-asa-driza\/#breadcrumb"},"inLanguage":"en-US","potentialAction":[{"@type":"ReadAction","target":["https:\/\/fengoperu.com\/producto\/bolsa-couche-asa-driza\/"]}]},{"@type":"ImageObject","inLanguage":"en-US","@id":"https:\/\/fengoperu.com\/producto\/bolsa-couche-asa-driza\/#primaryimage","url":"https:\/\/fengoperu.com\/wp-content\/uploads\/2023\/05\/Bolsa-Couche-Asa-Driza.webp","contentUrl":"https:\/\/fengoperu.com\/wp-content\/uploads\/2023\/05\/Bolsa-Couche-Asa-Driza.webp","width":1080,"height":1350},{"@type":"BreadcrumbList","@id":"https:\/\/fengoperu.com\/producto\/bolsa-couche-asa-driza\/#breadcrumb","itemListElement":[{"@type":"ListItem","position":1,"name":"Portada","item":"https:\/\/fengoperu.com\/"},{"@type":"ListItem","position":2,"name":"Shop","item":"https:\/\/fengoperu.com\/shop\/"},{"@type":"ListItem","position":3,"name":"BOLSA COUCHE ASA DRIZA"}]},{"@type":"WebSite","@id":"https:\/\/fengoperu.com\/en\/#website","url":"https:\/\/fengoperu.com\/en\/","name":"FENGO PER\u00da - Dise\u00f1o y Packaging en Lima","description":"Otro sitio realizado con WordPress","publisher":{"@id":"https:\/\/fengoperu.com\/en\/#organization"},"potentialAction":[{"@type":"SearchAction","target":{"@type":"EntryPoint","urlTemplate":"https:\/\/fengoperu.com\/en\/?s={search_term_string}"},"query-input":{"@type":"PropertyValueSpecification","valueRequired":true,"valueName":"search_term_string"}}],"inLanguage":"en-US"},{"@type":"Organization","@id":"https:\/\/fengoperu.com\/en\/#organization","name":"FENGO PER\u00da - Dise\u00f1o y Packaging en Lima","url":"https:\/\/fengoperu.com\/en\/","logo":{"@type":"ImageObject","inLanguage":"en-US","@id":"https:\/\/fengoperu.com\/en\/#\/schema\/logo\/image\/","url":"https:\/\/fengoperu.com\/wp-content\/uploads\/2021\/10\/cropped-Logo-Web-Fengo-_Mesa-de-trabajo-1.png","contentUrl":"https:\/\/fengoperu.com\/wp-content\/uploads\/2021\/10\/cropped-Logo-Web-Fengo-_Mesa-de-trabajo-1.png","width":1250,"height":417,"caption":"FENGO PER\u00da - Dise\u00f1o y Packaging en Lima"},"image":{"@id":"https:\/\/fengoperu.com\/en\/#\/schema\/logo\/image\/"}}]}},"_links":{"self":[{"href":"https:\/\/fengoperu.com\/en\/wp-json\/wp\/v2\/product\/7809","targetHints":{"allow":["GET"]}}],"collection":[{"href":"https:\/\/fengoperu.com\/en\/wp-json\/wp\/v2\/product"}],"about":[{"href":"https:\/\/fengoperu.com\/en\/wp-json\/wp\/v2\/types\/product"}],"replies":[{"embeddable":true,"href":"https:\/\/fengoperu.com\/en\/wp-json\/wp\/v2\/comments?post=7809"}],"wp:featuredmedia":[{"embeddable":true,"href":"https:\/\/fengoperu.com\/en\/wp-json\/wp\/v2\/media\/5960"}],"wp:attachment":[{"href":"https:\/\/fengoperu.com\/en\/wp-json\/wp\/v2\/media?parent=7809"}],"wp:term":[{"taxonomy":"product_brand","embeddable":true,"href":"https:\/\/fengoperu.com\/en\/wp-json\/wp\/v2\/product_brand?post=7809"},{"taxonomy":"product_cat","embeddable":true,"href":"https:\/\/fengoperu.com\/en\/wp-json\/wp\/v2\/product_cat?post=7809"},{"taxonomy":"product_tag","embeddable":true,"href":"https:\/\/fengoperu.com\/en\/wp-json\/wp\/v2\/product_tag?post=7809"}],"curies":[{"name":"wp","href":"https:\/\/api.w.org\/{rel}","templated":true}]}}