{"id":7901,"date":"2024-09-05T13:15:39","date_gmt":"2024-09-05T18:15:39","guid":{"rendered":"https:\/\/fengoperu.com\/?page_id=7901"},"modified":"2024-11-19T09:40:50","modified_gmt":"2024-11-19T14:40:50","slug":"portafolio","status":"publish","type":"page","link":"https:\/\/fengoperu.com\/en\/portafolio\/","title":{"rendered":"Portafolio"},"content":{"rendered":"<div data-elementor-type=\"wp-page\" data-elementor-id=\"7901\" class=\"elementor elementor-7901\" data-elementor-post-type=\"page\">\n\t\t\t\t\t\t<section class=\"elementor-section elementor-top-section elementor-element elementor-element-aa7760d elementor-section-boxed elementor-section-height-default elementor-section-height-default\" data-id=\"aa7760d\" data-element_type=\"section\" data-e-type=\"section\">\n\t\t\t\t\t\t<div class=\"elementor-container elementor-column-gap-default\">\n\t\t\t\t\t<div class=\"elementor-column elementor-col-33 elementor-top-column elementor-element elementor-element-67a6d76\" data-id=\"67a6d76\" data-element_type=\"column\" data-e-type=\"column\">\n\t\t\t<div class=\"elementor-widget-wrap\">\n\t\t\t\t\t\t\t<\/div>\n\t\t<\/div>\n\t\t\t\t<div class=\"elementor-column elementor-col-33 elementor-top-column elementor-element elementor-element-f4723c7\" data-id=\"f4723c7\" data-element_type=\"column\" data-e-type=\"column\">\n\t\t\t<div class=\"elementor-widget-wrap elementor-element-populated\">\n\t\t\t\t\t\t<div class=\"elementor-element elementor-element-1e15a31 elementor-widget elementor-widget-heading\" data-id=\"1e15a31\" data-element_type=\"widget\" data-e-type=\"widget\" data-widget_type=\"heading.default\">\n\t\t\t\t<div class=\"elementor-widget-container\">\n\t\t\t\t\t<h4 class=\"elementor-heading-title elementor-size-default\"> LAST PROJECTS\n<\/h4>\t\t\t\t<\/div>\n\t\t\t\t<\/div>\n\t\t\t\t<div class=\"elementor-element elementor-element-110be5f elementor-widget elementor-widget-heading\" data-id=\"110be5f\" data-element_type=\"widget\" data-e-type=\"widget\" data-widget_type=\"heading.default\">\n\t\t\t\t<div class=\"elementor-widget-container\">\n\t\t\t\t\t<h2 class=\"elementor-heading-title elementor-size-default\"> PORTAFOLIO\n<\/h2>\t\t\t\t<\/div>\n\t\t\t\t<\/div>\n\t\t\t\t<div class=\"elementor-element elementor-element-188faa2 elementor-widget elementor-widget-text-editor\" data-id=\"188faa2\" data-element_type=\"widget\" data-e-type=\"widget\" data-widget_type=\"text-editor.default\">\n\t\t\t\t<div class=\"elementor-widget-container\">\n\t\t\t\t\t\t\t\t\t<p>Utilizamos un pensamiento estrat\u00e9gico y <br \/>creativo para conectar marcas a trav\u00e9s de <br \/>las cosas que aman.<\/p>\t\t\t\t\t\t\t\t<\/div>\n\t\t\t\t<\/div>\n\t\t\t\t\t<\/div>\n\t\t<\/div>\n\t\t\t\t<div class=\"elementor-column elementor-col-33 elementor-top-column elementor-element elementor-element-eb861dc\" data-id=\"eb861dc\" data-element_type=\"column\" data-e-type=\"column\">\n\t\t\t<div class=\"elementor-widget-wrap\">\n\t\t\t\t\t\t\t<\/div>\n\t\t<\/div>\n\t\t\t\t\t<\/div>\n\t\t<\/section>\n\t\t\t\t<section class=\"elementor-section elementor-top-section elementor-element elementor-element-c470f54 elementor-section-boxed elementor-section-height-default elementor-section-height-default\" data-id=\"c470f54\" data-element_type=\"section\" data-e-type=\"section\">\n\t\t\t\t\t\t<div class=\"elementor-container elementor-column-gap-default\">\n\t\t\t\t\t<div class=\"elementor-column elementor-col-50 elementor-top-column elementor-element elementor-element-f54b9bd\" data-id=\"f54b9bd\" data-element_type=\"column\" data-e-type=\"column\">\n\t\t\t<div class=\"elementor-widget-wrap elementor-element-populated\">\n\t\t\t\t\t\t<div class=\"elementor-element elementor-element-6ee5e5a elementor-widget elementor-widget-eael-image-accordion\" data-id=\"6ee5e5a\" data-element_type=\"widget\" data-e-type=\"widget\" data-widget_type=\"eael-image-accordion.default\">\n\t\t\t\t<div class=\"elementor-widget-container\">\n\t\t\t\t\t    <div class=\"eael-img-accordion accordion-direction-horizontal eael-img-accordion-horizontal-align-center eael-img-accordion-vertical-align-center\" id=\"eael-img-accordion-6ee5e5a\" data-img-accordion-id=\"6ee5e5a\" data-img-accordion-type=\"on-hover\">\n                    \n            <div class=\"eael-image-accordion-hover eael-image-accordion-item\" style=\"background-image: url(https:\/\/fengoperu.com\/wp-content\/uploads\/2024\/09\/dirizo.webp);\"  tabindex=\"0\">\n                <div class=\"overlay\">\n                                        <div class=\"overlay-inner\">\n                        <a href=\"https:\/\/fengoperu.com\/en\/portafolio\/dirizo-2\/\" target=\"_blank\"><h2 class=\"img-accordion-title\">Dirizo<\/h2><\/a>                            <p><p>REBRANDING, BRIEF, REDES SOCIALES Y <br \/>FABRICACI\u00d3N<\/p><\/p>\n                                            <\/div>\n                <\/div>\n            <\/div>\n                <\/div>\n        <style typr=\"text\/css\">\n                    #eael-img-accordion-6ee5e5a .eael-image-accordion-hover:hover {\n                        flex: 3 1 0% !important;\n                    }\n                    #eael-img-accordion-6ee5e5a .eael-image-accordion-hover:hover:hover .overlay-inner * {\n                        opacity: 1;\n                        visibility: visible;\n                        transform: none;\n                        transition: all .3s .3s;\n                    }\n                <\/style>\t\t\t\t<\/div>\n\t\t\t\t<\/div>\n\t\t\t\t\t<\/div>\n\t\t<\/div>\n\t\t\t\t<div class=\"elementor-column elementor-col-50 elementor-top-column elementor-element elementor-element-7483844\" data-id=\"7483844\" data-element_type=\"column\" data-e-type=\"column\">\n\t\t\t<div class=\"elementor-widget-wrap elementor-element-populated\">\n\t\t\t\t\t\t<div class=\"elementor-element elementor-element-265e8cf elementor-widget elementor-widget-eael-image-accordion\" data-id=\"265e8cf\" data-element_type=\"widget\" data-e-type=\"widget\" data-widget_type=\"eael-image-accordion.default\">\n\t\t\t\t<div class=\"elementor-widget-container\">\n\t\t\t\t\t    <div class=\"eael-img-accordion accordion-direction-horizontal eael-img-accordion-horizontal-align-center eael-img-accordion-vertical-align-center\" id=\"eael-img-accordion-265e8cf\" data-img-accordion-id=\"265e8cf\" data-img-accordion-type=\"on-hover\">\n                    \n            <div class=\"eael-image-accordion-hover eael-image-accordion-item\" style=\"background-image: url(https:\/\/fengoperu.com\/wp-content\/uploads\/2024\/09\/pachamama.webp);\"  tabindex=\"0\">\n                <div class=\"overlay\">\n                                        <div class=\"overlay-inner\">\n                        <a href=\"https:\/\/fengoperu.com\/en\/portafolio\/pachamama-2\/\"><h2 class=\"img-accordion-title\"> PACHAMAMA<\/h2><\/a>                            <p><p>\u00a0PACKAGING<\/p><\/p>\n                                            <\/div>\n                <\/div>\n            <\/div>\n                <\/div>\n        <style typr=\"text\/css\">\n                    #eael-img-accordion-265e8cf .eael-image-accordion-hover:hover {\n                        flex: 3 1 0% !important;\n                    }\n                    #eael-img-accordion-265e8cf .eael-image-accordion-hover:hover:hover .overlay-inner * {\n                        opacity: 1;\n                        visibility: visible;\n                        transform: none;\n                        transition: all .3s .3s;\n                    }\n                <\/style>\t\t\t\t<\/div>\n\t\t\t\t<\/div>\n\t\t\t\t\t<\/div>\n\t\t<\/div>\n\t\t\t\t\t<\/div>\n\t\t<\/section>\n\t\t\t\t<section class=\"elementor-section elementor-top-section elementor-element elementor-element-1d02637 elementor-section-boxed elementor-section-height-default elementor-section-height-default\" data-id=\"1d02637\" data-element_type=\"section\" data-e-type=\"section\">\n\t\t\t\t\t\t<div class=\"elementor-container elementor-column-gap-default\">\n\t\t\t\t\t<div class=\"elementor-column elementor-col-50 elementor-top-column elementor-element elementor-element-77ddcb6\" data-id=\"77ddcb6\" data-element_type=\"column\" data-e-type=\"column\">\n\t\t\t<div class=\"elementor-widget-wrap elementor-element-populated\">\n\t\t\t\t\t\t<div class=\"elementor-element elementor-element-ab5fff8 elementor-widget elementor-widget-eael-image-accordion\" data-id=\"ab5fff8\" data-element_type=\"widget\" data-e-type=\"widget\" data-widget_type=\"eael-image-accordion.default\">\n\t\t\t\t<div class=\"elementor-widget-container\">\n\t\t\t\t\t    <div class=\"eael-img-accordion accordion-direction-horizontal eael-img-accordion-horizontal-align-center eael-img-accordion-vertical-align-center\" id=\"eael-img-accordion-ab5fff8\" data-img-accordion-id=\"ab5fff8\" data-img-accordion-type=\"on-hover\">\n                    \n            <div class=\"eael-image-accordion-hover eael-image-accordion-item\" style=\"background-image: url(https:\/\/fengoperu.com\/wp-content\/uploads\/2024\/11\/barbasco.jpg);\"  tabindex=\"0\">\n                <div class=\"overlay\">\n                                        <div class=\"overlay-inner\">\n                        <a href=\"https:\/\/fengoperu.com\/en\/portafolio\/barbasco-2\/\" target=\"_blank\"><h2 class=\"img-accordion-title\">Barbasco<\/h2><\/a>                            <p><p>REBRANDING, BRIEF, REDES SOCIALES Y <br \/>FABRICACI\u00d3N<\/p><\/p>\n                                            <\/div>\n                <\/div>\n            <\/div>\n                <\/div>\n        <style typr=\"text\/css\">\n                    #eael-img-accordion-ab5fff8 .eael-image-accordion-hover:hover {\n                        flex: 3 1 0% !important;\n                    }\n                    #eael-img-accordion-ab5fff8 .eael-image-accordion-hover:hover:hover .overlay-inner * {\n                        opacity: 1;\n                        visibility: visible;\n                        transform: none;\n                        transition: all .3s .3s;\n                    }\n                <\/style>\t\t\t\t<\/div>\n\t\t\t\t<\/div>\n\t\t\t\t\t<\/div>\n\t\t<\/div>\n\t\t\t\t<div class=\"elementor-column elementor-col-50 elementor-top-column elementor-element elementor-element-8c4462a\" data-id=\"8c4462a\" data-element_type=\"column\" data-e-type=\"column\">\n\t\t\t<div class=\"elementor-widget-wrap elementor-element-populated\">\n\t\t\t\t\t\t<div class=\"elementor-element elementor-element-a4fd3b0 elementor-widget elementor-widget-eael-image-accordion\" data-id=\"a4fd3b0\" data-element_type=\"widget\" data-e-type=\"widget\" data-widget_type=\"eael-image-accordion.default\">\n\t\t\t\t<div class=\"elementor-widget-container\">\n\t\t\t\t\t    <div class=\"eael-img-accordion accordion-direction-horizontal eael-img-accordion-horizontal-align-center eael-img-accordion-vertical-align-center\" id=\"eael-img-accordion-a4fd3b0\" data-img-accordion-id=\"a4fd3b0\" data-img-accordion-type=\"on-hover\">\n                    \n            <div class=\"eael-image-accordion-hover eael-image-accordion-item\" style=\"background-image: url(https:\/\/fengoperu.com\/wp-content\/uploads\/2024\/11\/marce.jpg);\"  tabindex=\"0\">\n                <div class=\"overlay\">\n                                        <div class=\"overlay-inner\">\n                        <a href=\"https:\/\/fengoperu.com\/en\/portafolio\/marce-2\/\"><h2 class=\"img-accordion-title\"> PACHAMAMA<\/h2><\/a>                            <p><p>REBRANDING, BRIEF, REDES SOCIALES Y <br \/>FABRICACI\u00d3N<\/p><\/p>\n                                            <\/div>\n                <\/div>\n            <\/div>\n                <\/div>\n        <style typr=\"text\/css\">\n                    #eael-img-accordion-a4fd3b0 .eael-image-accordion-hover:hover {\n                        flex: 3 1 0% !important;\n                    }\n                    #eael-img-accordion-a4fd3b0 .eael-image-accordion-hover:hover:hover .overlay-inner * {\n                        opacity: 1;\n                        visibility: visible;\n                        transform: none;\n                        transition: all .3s .3s;\n                    }\n                <\/style>\t\t\t\t<\/div>\n\t\t\t\t<\/div>\n\t\t\t\t\t<\/div>\n\t\t<\/div>\n\t\t\t\t\t<\/div>\n\t\t<\/section>\n\t\t\t\t<\/div>","protected":false},"excerpt":{"rendered":"<p>\u00daLTIMOS PROYECTOS PORTAFOLIO Utilizamos un pensamiento estrat\u00e9gico y creativo para conectar marcas a trav\u00e9s de las cosas que aman. Dirizo REBRANDING, BRIEF, REDES SOCIALES Y FABRICACI\u00d3N PACHAMAMA \u00a0PACKAGING Barbasco REBRANDING, BRIEF, REDES SOCIALES Y FABRICACI\u00d3N PACHAMAMA REBRANDING, BRIEF, REDES SOCIALES Y FABRICACI\u00d3N<\/p>","protected":false},"author":1,"featured_media":0,"parent":0,"menu_order":0,"comment_status":"closed","ping_status":"closed","template":"","meta":{"_acf_changed":false,"site-sidebar-layout":"no-sidebar","site-content-layout":"page-builder","ast-site-content-layout":"full-width-container","site-content-style":"default","site-sidebar-style":"default","ast-global-header-display":"","ast-banner-title-visibility":"","ast-main-header-display":"","ast-hfb-above-header-display":"","ast-hfb-below-header-display":"","ast-hfb-mobile-header-display":"","site-post-title":"disabled","ast-breadcrumbs-content":"","ast-featured-img":"disabled","footer-sml-layout":"","ast-disable-related-posts":"","theme-transparent-header-meta":"","adv-header-id-meta":"","stick-header-meta":"","header-above-stick-meta":"","header-main-stick-meta":"","header-below-stick-meta":"","astra-migrate-meta-layouts":"set","ast-page-background-enabled":"default","ast-page-background-meta":{"desktop":{"background-color":"var(--ast-global-color-4)","background-image":"","background-repeat":"repeat","background-position":"center center","background-size":"auto","background-attachment":"scroll","background-type":"","background-media":"","overlay-type":"","overlay-color":"","overlay-opacity":"","overlay-gradient":""},"tablet":{"background-color":"","background-image":"","background-repeat":"repeat","background-position":"center center","background-size":"auto","background-attachment":"scroll","background-type":"","background-media":"","overlay-type":"","overlay-color":"","overlay-opacity":"","overlay-gradient":""},"mobile":{"background-color":"","background-image":"","background-repeat":"repeat","background-position":"center center","background-size":"auto","background-attachment":"scroll","background-type":"","background-media":"","overlay-type":"","overlay-color":"","overlay-opacity":"","overlay-gradient":""}},"ast-content-background-meta":{"desktop":{"background-color":"var(--ast-global-color-5)","background-image":"","background-repeat":"repeat","background-position":"center center","background-size":"auto","background-attachment":"scroll","background-type":"","background-media":"","overlay-type":"","overlay-color":"","overlay-opacity":"","overlay-gradient":""},"tablet":{"background-color":"var(--ast-global-color-5)","background-image":"","background-repeat":"repeat","background-position":"center center","background-size":"auto","background-attachment":"scroll","background-type":"","background-media":"","overlay-type":"","overlay-color":"","overlay-opacity":"","overlay-gradient":""},"mobile":{"background-color":"var(--ast-global-color-5)","background-image":"","background-repeat":"repeat","background-position":"center center","background-size":"auto","background-attachment":"scroll","background-type":"","background-media":"","overlay-type":"","overlay-color":"","overlay-opacity":"","overlay-gradient":""}},"_joinchat":[],"footnotes":""},"class_list":["post-7901","page","type-page","status-publish","hentry"],"acf":[],"yoast_head":"<!-- This site is optimized with the Yoast SEO plugin v27.4 - https:\/\/yoast.com\/product\/yoast-seo-wordpress\/ -->\n<title>Portafolio - FENGO PER\u00da - Dise\u00f1o y Packaging en Lima<\/title>\n<meta name=\"robots\" content=\"index, follow, max-snippet:-1, max-image-preview:large, max-video-preview:-1\" \/>\n<link rel=\"canonical\" href=\"https:\/\/fengoperu.com\/en\/portafolio\/\" \/>\n<meta property=\"og:locale\" content=\"en_US\" \/>\n<meta property=\"og:type\" content=\"article\" \/>\n<meta property=\"og:title\" content=\"Portafolio - FENGO PER\u00da - Dise\u00f1o y Packaging en Lima\" \/>\n<meta property=\"og:description\" content=\"\u00daLTIMOS PROYECTOS PORTAFOLIO Utilizamos un pensamiento estrat\u00e9gico y creativo para conectar marcas a trav\u00e9s de las cosas que aman. Dirizo REBRANDING, BRIEF, REDES SOCIALES Y FABRICACI\u00d3N PACHAMAMA \u00a0PACKAGING Barbasco REBRANDING, BRIEF, REDES SOCIALES Y FABRICACI\u00d3N PACHAMAMA REBRANDING, BRIEF, REDES SOCIALES Y FABRICACI\u00d3N\" \/>\n<meta property=\"og:url\" content=\"https:\/\/fengoperu.com\/en\/portafolio\/\" \/>\n<meta property=\"og:site_name\" content=\"FENGO PER\u00da - Dise\u00f1o y Packaging en Lima\" \/>\n<meta property=\"article:modified_time\" content=\"2024-11-19T14:40:50+00:00\" \/>\n<meta name=\"twitter:card\" content=\"summary_large_image\" \/>\n<meta name=\"twitter:label1\" content=\"Est. reading time\" \/>\n\t<meta name=\"twitter:data1\" content=\"1 minute\" \/>\n<script type=\"application\/ld+json\" class=\"yoast-schema-graph\">{\"@context\":\"https:\\\/\\\/schema.org\",\"@graph\":[{\"@type\":\"WebPage\",\"@id\":\"https:\\\/\\\/fengoperu.com\\\/portafolio\\\/\",\"url\":\"https:\\\/\\\/fengoperu.com\\\/portafolio\\\/\",\"name\":\"Portafolio - FENGO PER\u00da - Dise\u00f1o y Packaging en Lima\",\"isPartOf\":{\"@id\":\"https:\\\/\\\/fengoperu.com\\\/en\\\/#website\"},\"datePublished\":\"2024-09-05T18:15:39+00:00\",\"dateModified\":\"2024-11-19T14:40:50+00:00\",\"breadcrumb\":{\"@id\":\"https:\\\/\\\/fengoperu.com\\\/portafolio\\\/#breadcrumb\"},\"inLanguage\":\"en-US\",\"potentialAction\":[{\"@type\":\"ReadAction\",\"target\":[\"https:\\\/\\\/fengoperu.com\\\/portafolio\\\/\"]}]},{\"@type\":\"BreadcrumbList\",\"@id\":\"https:\\\/\\\/fengoperu.com\\\/portafolio\\\/#breadcrumb\",\"itemListElement\":[{\"@type\":\"ListItem\",\"position\":1,\"name\":\"Portada\",\"item\":\"https:\\\/\\\/fengoperu.com\\\/\"},{\"@type\":\"ListItem\",\"position\":2,\"name\":\"Portafolio\"}]},{\"@type\":\"WebSite\",\"@id\":\"https:\\\/\\\/fengoperu.com\\\/en\\\/#website\",\"url\":\"https:\\\/\\\/fengoperu.com\\\/en\\\/\",\"name\":\"FENGO PER\u00da - Dise\u00f1o y Packaging en Lima\",\"description\":\"Otro sitio realizado con WordPress\",\"publisher\":{\"@id\":\"https:\\\/\\\/fengoperu.com\\\/en\\\/#organization\"},\"potentialAction\":[{\"@type\":\"SearchAction\",\"target\":{\"@type\":\"EntryPoint\",\"urlTemplate\":\"https:\\\/\\\/fengoperu.com\\\/en\\\/?s={search_term_string}\"},\"query-input\":{\"@type\":\"PropertyValueSpecification\",\"valueRequired\":true,\"valueName\":\"search_term_string\"}}],\"inLanguage\":\"en-US\"},{\"@type\":\"Organization\",\"@id\":\"https:\\\/\\\/fengoperu.com\\\/en\\\/#organization\",\"name\":\"FENGO PER\u00da - Dise\u00f1o y Packaging en Lima\",\"url\":\"https:\\\/\\\/fengoperu.com\\\/en\\\/\",\"logo\":{\"@type\":\"ImageObject\",\"inLanguage\":\"en-US\",\"@id\":\"https:\\\/\\\/fengoperu.com\\\/en\\\/#\\\/schema\\\/logo\\\/image\\\/\",\"url\":\"https:\\\/\\\/fengoperu.com\\\/wp-content\\\/uploads\\\/2021\\\/10\\\/cropped-Logo-Web-Fengo-_Mesa-de-trabajo-1.png\",\"contentUrl\":\"https:\\\/\\\/fengoperu.com\\\/wp-content\\\/uploads\\\/2021\\\/10\\\/cropped-Logo-Web-Fengo-_Mesa-de-trabajo-1.png\",\"width\":1250,\"height\":417,\"caption\":\"FENGO PER\u00da - Dise\u00f1o y Packaging en Lima\"},\"image\":{\"@id\":\"https:\\\/\\\/fengoperu.com\\\/en\\\/#\\\/schema\\\/logo\\\/image\\\/\"}}]}<\/script>\n<!-- \/ Yoast SEO plugin. -->","yoast_head_json":{"title":"Portafolio - FENGO PER\u00da - Dise\u00f1o y Packaging en Lima","robots":{"index":"index","follow":"follow","max-snippet":"max-snippet:-1","max-image-preview":"max-image-preview:large","max-video-preview":"max-video-preview:-1"},"canonical":"https:\/\/fengoperu.com\/en\/portafolio\/","og_locale":"en_US","og_type":"article","og_title":"Portafolio - FENGO PER\u00da - Dise\u00f1o y Packaging en Lima","og_description":"\u00daLTIMOS PROYECTOS PORTAFOLIO Utilizamos un pensamiento estrat\u00e9gico y creativo para conectar marcas a trav\u00e9s de las cosas que aman. Dirizo REBRANDING, BRIEF, REDES SOCIALES Y FABRICACI\u00d3N PACHAMAMA \u00a0PACKAGING Barbasco REBRANDING, BRIEF, REDES SOCIALES Y FABRICACI\u00d3N PACHAMAMA REBRANDING, BRIEF, REDES SOCIALES Y FABRICACI\u00d3N","og_url":"https:\/\/fengoperu.com\/en\/portafolio\/","og_site_name":"FENGO PER\u00da - Dise\u00f1o y Packaging en Lima","article_modified_time":"2024-11-19T14:40:50+00:00","twitter_card":"summary_large_image","twitter_misc":{"Est. reading time":"1 minute"},"schema":{"@context":"https:\/\/schema.org","@graph":[{"@type":"WebPage","@id":"https:\/\/fengoperu.com\/portafolio\/","url":"https:\/\/fengoperu.com\/portafolio\/","name":"Portafolio - FENGO PER\u00da - Dise\u00f1o y Packaging en Lima","isPartOf":{"@id":"https:\/\/fengoperu.com\/en\/#website"},"datePublished":"2024-09-05T18:15:39+00:00","dateModified":"2024-11-19T14:40:50+00:00","breadcrumb":{"@id":"https:\/\/fengoperu.com\/portafolio\/#breadcrumb"},"inLanguage":"en-US","potentialAction":[{"@type":"ReadAction","target":["https:\/\/fengoperu.com\/portafolio\/"]}]},{"@type":"BreadcrumbList","@id":"https:\/\/fengoperu.com\/portafolio\/#breadcrumb","itemListElement":[{"@type":"ListItem","position":1,"name":"Portada","item":"https:\/\/fengoperu.com\/"},{"@type":"ListItem","position":2,"name":"Portafolio"}]},{"@type":"WebSite","@id":"https:\/\/fengoperu.com\/en\/#website","url":"https:\/\/fengoperu.com\/en\/","name":"FENGO PER\u00da - Dise\u00f1o y Packaging en Lima","description":"Otro sitio realizado con WordPress","publisher":{"@id":"https:\/\/fengoperu.com\/en\/#organization"},"potentialAction":[{"@type":"SearchAction","target":{"@type":"EntryPoint","urlTemplate":"https:\/\/fengoperu.com\/en\/?s={search_term_string}"},"query-input":{"@type":"PropertyValueSpecification","valueRequired":true,"valueName":"search_term_string"}}],"inLanguage":"en-US"},{"@type":"Organization","@id":"https:\/\/fengoperu.com\/en\/#organization","name":"FENGO PER\u00da - Dise\u00f1o y Packaging en Lima","url":"https:\/\/fengoperu.com\/en\/","logo":{"@type":"ImageObject","inLanguage":"en-US","@id":"https:\/\/fengoperu.com\/en\/#\/schema\/logo\/image\/","url":"https:\/\/fengoperu.com\/wp-content\/uploads\/2021\/10\/cropped-Logo-Web-Fengo-_Mesa-de-trabajo-1.png","contentUrl":"https:\/\/fengoperu.com\/wp-content\/uploads\/2021\/10\/cropped-Logo-Web-Fengo-_Mesa-de-trabajo-1.png","width":1250,"height":417,"caption":"FENGO PER\u00da - Dise\u00f1o y Packaging en Lima"},"image":{"@id":"https:\/\/fengoperu.com\/en\/#\/schema\/logo\/image\/"}}]}},"_links":{"self":[{"href":"https:\/\/fengoperu.com\/en\/wp-json\/wp\/v2\/pages\/7901","targetHints":{"allow":["GET"]}}],"collection":[{"href":"https:\/\/fengoperu.com\/en\/wp-json\/wp\/v2\/pages"}],"about":[{"href":"https:\/\/fengoperu.com\/en\/wp-json\/wp\/v2\/types\/page"}],"author":[{"embeddable":true,"href":"https:\/\/fengoperu.com\/en\/wp-json\/wp\/v2\/users\/1"}],"replies":[{"embeddable":true,"href":"https:\/\/fengoperu.com\/en\/wp-json\/wp\/v2\/comments?post=7901"}],"version-history":[{"count":82,"href":"https:\/\/fengoperu.com\/en\/wp-json\/wp\/v2\/pages\/7901\/revisions"}],"predecessor-version":[{"id":8212,"href":"https:\/\/fengoperu.com\/en\/wp-json\/wp\/v2\/pages\/7901\/revisions\/8212"}],"wp:attachment":[{"href":"https:\/\/fengoperu.com\/en\/wp-json\/wp\/v2\/media?parent=7901"}],"curies":[{"name":"wp","href":"https:\/\/api.w.org\/{rel}","templated":true}]}}